{"id":24016,"date":"2024-10-10T16:33:25","date_gmt":"2024-10-10T14:33:25","guid":{"rendered":"https:\/\/laconciairgerie.ch\/?page_id=24016"},"modified":"2024-12-05T10:30:53","modified_gmt":"2024-12-05T09:30:53","slug":"protection-des-donnees","status":"publish","type":"page","link":"https:\/\/laconciairgerie.ch\/en\/protection-des-donnees\/","title":{"rendered":"Data protection"},"content":{"rendered":"<div data-elementor-type=\"wp-page\" data-elementor-id=\"24016\" class=\"elementor elementor-24016\" data-elementor-post-type=\"page\">\n\t\t\t\t<div class=\"elementor-element elementor-element-7482b77 e-flex e-con-boxed e-con e-parent\" data-id=\"7482b77\" data-element_type=\"container\" data-e-type=\"container\" data-settings=\"{&quot;background_background&quot;:&quot;classic&quot;}\">\n\t\t\t\t\t<div class=\"e-con-inner\">\n\t\t<div class=\"elementor-element elementor-element-2e55dc2 e-con-full e-flex e-con e-child\" data-id=\"2e55dc2\" data-element_type=\"container\" data-e-type=\"container\">\n\t\t\t\t<div class=\"elementor-element elementor-element-0c2796a animated-fast elementor-invisible elementor-widget elementor-widget-elementskit-heading\" data-id=\"0c2796a\" data-element_type=\"widget\" data-e-type=\"widget\" data-settings=\"{&quot;ekit_we_effect_on&quot;:&quot;css&quot;,&quot;_animation&quot;:&quot;fadeIn&quot;,&quot;_animation_delay&quot;:100}\" data-widget_type=\"elementskit-heading.default\">\n\t\t\t\t<div class=\"elementor-widget-container\">\n\t\t\t\t\t<div class=\"ekit-wid-con\" ><div class=\"ekit-heading elementskit-section-title-wraper text_left   ekit_heading_tablet-   ekit_heading_mobile-\"><h1 class=\"ekit-heading--title elementskit-section-title\">Data protection<\/h1>\t\t\t\t<div class='ekit-heading__description'>\n\t\t\t\t\t<p><strong>Update :<\/strong> Mars, 2024<\/p>\n\t\t\t\t<\/div>\n\t\t\t<\/div><\/div>\t\t\t\t<\/div>\n\t\t\t\t<\/div>\n\t\t\t\t<\/div>\n\t\t\t\t\t<\/div>\n\t\t\t\t<\/div>\n\t\t<div class=\"elementor-element elementor-element-f76bbed e-flex e-con-boxed e-con e-parent\" data-id=\"f76bbed\" data-element_type=\"container\" data-e-type=\"container\" data-settings=\"{&quot;animation&quot;:&quot;none&quot;}\">\n\t\t\t\t\t<div class=\"e-con-inner\">\n\t\t<div class=\"elementor-element elementor-element-74ca926 e-con-full elementor-hidden-tablet elementor-hidden-mobile e-flex e-con e-child\" data-id=\"74ca926\" data-element_type=\"container\" data-e-type=\"container\">\n\t\t<div class=\"elementor-element elementor-element-e1972ac e-con-full ekit-sticky--top e-flex e-con e-child\" data-id=\"e1972ac\" data-element_type=\"container\" data-e-type=\"container\" data-settings=\"{&quot;ekit_sticky&quot;:&quot;top&quot;,&quot;ekit_sticky_offset&quot;:{&quot;unit&quot;:&quot;px&quot;,&quot;size&quot;:175,&quot;sizes&quot;:[]},&quot;ekit_sticky_until&quot;:&quot;section5&quot;,&quot;ekit_sticky_offset_tablet&quot;:{&quot;unit&quot;:&quot;px&quot;,&quot;size&quot;:&quot;&quot;,&quot;sizes&quot;:[]},&quot;ekit_sticky_offset_mobile&quot;:{&quot;unit&quot;:&quot;px&quot;,&quot;size&quot;:&quot;&quot;,&quot;sizes&quot;:[]},&quot;ekit_sticky_on_desktop&quot;:&quot;desktop&quot;,&quot;ekit_sticky_effect_offset&quot;:{&quot;unit&quot;:&quot;px&quot;,&quot;size&quot;:0,&quot;sizes&quot;:[]},&quot;ekit_sticky_effect_offset_tablet&quot;:{&quot;unit&quot;:&quot;px&quot;,&quot;size&quot;:&quot;&quot;,&quot;sizes&quot;:[]},&quot;ekit_sticky_effect_offset_mobile&quot;:{&quot;unit&quot;:&quot;px&quot;,&quot;size&quot;:&quot;&quot;,&quot;sizes&quot;:[]}}\">\n\t\t\t\t<\/div>\n\t\t\t\t<\/div>\n\t\t<div class=\"elementor-element elementor-element-d25e4e8 e-con-full e-flex e-con e-child\" data-id=\"d25e4e8\" data-element_type=\"container\" data-e-type=\"container\">\n\t\t<div class=\"elementor-element elementor-element-d86669d e-con-full sticky-section e-flex e-con e-child\" data-id=\"d86669d\" data-element_type=\"container\" data-e-type=\"container\">\n\t\t<div class=\"elementor-element elementor-element-b8195b6 e-con-full e-flex e-con e-child\" data-id=\"b8195b6\" data-element_type=\"container\" data-e-type=\"container\">\n\t\t\t\t<div class=\"elementor-element elementor-element-790aac3 animated-fast elementor-invisible elementor-widget elementor-widget-elementskit-heading\" data-id=\"790aac3\" data-element_type=\"widget\" data-e-type=\"widget\" data-settings=\"{&quot;_animation&quot;:&quot;fadeIn&quot;,&quot;_animation_delay&quot;:100,&quot;ekit_we_effect_on&quot;:&quot;none&quot;}\" data-widget_type=\"elementskit-heading.default\">\n\t\t\t\t<div class=\"elementor-widget-container\">\n\t\t\t\t\t<div class=\"ekit-wid-con\" ><div class=\"ekit-heading elementskit-section-title-wraper text_left   ekit_heading_tablet-   ekit_heading_mobile-\"><h3 class=\"ekit-heading--title elementskit-section-title\">Cookies used<\/h3><\/div><\/div>\t\t\t\t<\/div>\n\t\t\t\t<\/div>\n\t\t\t\t<\/div>\n\t\t<div class=\"elementor-element elementor-element-0500258 e-con-full e-flex e-con e-child\" data-id=\"0500258\" data-element_type=\"container\" data-e-type=\"container\">\n\t\t\t\t<div class=\"elementor-element elementor-element-4da5406 animated-fast elementor-invisible elementor-widget elementor-widget-text-editor\" data-id=\"4da5406\" data-element_type=\"widget\" data-e-type=\"widget\" data-settings=\"{&quot;_animation&quot;:&quot;fadeIn&quot;,&quot;_animation_delay&quot;:100,&quot;ekit_we_effect_on&quot;:&quot;none&quot;}\" data-widget_type=\"text-editor.default\">\n\t\t\t\t<div class=\"elementor-widget-container\">\n\t\t\t\t\t\t\t\t\t<p class=\"p1\"><strong>Cookie holder : <\/strong>Google<strong><br \/>Purpose : <\/strong>Audience and performance measurement<strong><br \/>Cookie policy :<\/strong> <a href=\"https:\/\/policies.google.com\/technologies\/cookies?hl=fr#how-google-uses-cookies\" target=\"_blank\" rel=\"noreferrer noopener\">Link to cookie policy<\/a><\/p>\t\t\t\t\t\t\t\t<\/div>\n\t\t\t\t<\/div>\n\t\t\t\t<\/div>\n\t\t\t\t<\/div>\n\t\t\t\t<\/div>\n\t\t\t\t\t<\/div>\n\t\t\t\t<\/div>\n\t\t\t\t<\/div>","protected":false},"excerpt":{"rendered":"<p>Protection des donn\u00e9es Mise \u00e0 jour : Mars, 2024 Cookies utilis\u00e9s Titulaire du cookie : GoogleFinalit\u00e9 : Mesure d\u2019audience et de performancePolitique de cookie : Lien vers la politique de cookie<\/p>","protected":false},"author":1,"featured_media":0,"parent":0,"menu_order":0,"comment_status":"closed","ping_status":"closed","template":"","meta":{"inline_featured_image":false,"footnotes":""},"class_list":["post-24016","page","type-page","status-publish","hentry"],"yoast_head":"<!-- This site is optimized with the Yoast SEO plugin v27.2 - https:\/\/yoast.com\/product\/yoast-seo-wordpress\/ -->\n<title>La Conciairgerie - Protection des donn\u00e9es<\/title>\n<meta name=\"robots\" content=\"index, follow, max-snippet:-1, max-image-preview:large, max-video-preview:-1\" \/>\n<link rel=\"canonical\" href=\"https:\/\/laconciairgerie.ch\/en\/protection-des-donnees\/\" \/>\n<meta property=\"og:locale\" content=\"en_GB\" \/>\n<meta property=\"og:type\" content=\"article\" \/>\n<meta property=\"og:title\" content=\"La Conciairgerie - Protection des donn\u00e9es\" \/>\n<meta property=\"og:description\" content=\"Protection des donn\u00e9es Mise \u00e0 jour : Mars, 2024 Cookies utilis\u00e9s Titulaire du cookie : GoogleFinalit\u00e9 : Mesure d\u2019audience et de performancePolitique de cookie : Lien vers la politique de cookie\" \/>\n<meta property=\"og:url\" content=\"https:\/\/laconciairgerie.ch\/en\/protection-des-donnees\/\" \/>\n<meta property=\"og:site_name\" content=\"La Conciairgerie\" \/>\n<meta property=\"article:modified_time\" content=\"2024-12-05T09:30:53+00:00\" \/>\n<meta name=\"twitter:card\" content=\"summary_large_image\" \/>\n<meta name=\"twitter:label1\" content=\"Estimated reading time\" \/>\n\t<meta name=\"twitter:data1\" content=\"1 minute\" \/>\n<script type=\"application\/ld+json\" class=\"yoast-schema-graph\">{\"@context\":\"https:\/\/schema.org\",\"@graph\":[{\"@type\":\"WebPage\",\"@id\":\"https:\/\/laconciairgerie.ch\/protection-des-donnees\/\",\"url\":\"https:\/\/laconciairgerie.ch\/protection-des-donnees\/\",\"name\":\"La Conciairgerie - Protection des donn\u00e9es\",\"isPartOf\":{\"@id\":\"https:\/\/laconciairgerie.ch\/#website\"},\"datePublished\":\"2024-10-10T14:33:25+00:00\",\"dateModified\":\"2024-12-05T09:30:53+00:00\",\"breadcrumb\":{\"@id\":\"https:\/\/laconciairgerie.ch\/protection-des-donnees\/#breadcrumb\"},\"inLanguage\":\"en-GB\",\"potentialAction\":[{\"@type\":\"ReadAction\",\"target\":[\"https:\/\/laconciairgerie.ch\/protection-des-donnees\/\"]}]},{\"@type\":\"BreadcrumbList\",\"@id\":\"https:\/\/laconciairgerie.ch\/protection-des-donnees\/#breadcrumb\",\"itemListElement\":[{\"@type\":\"ListItem\",\"position\":1,\"name\":\"Accueil\",\"item\":\"https:\/\/laconciairgerie.ch\/\"},{\"@type\":\"ListItem\",\"position\":2,\"name\":\"Protection des donn\u00e9es\"}]},{\"@type\":\"WebSite\",\"@id\":\"https:\/\/laconciairgerie.ch\/#website\",\"url\":\"https:\/\/laconciairgerie.ch\/\",\"name\":\"La Conciairgerie\",\"description\":\"Agence de gestion d&#039;appartement et conciergerie de qualit\u00e9. D\u00e9couvrez nos services de gestion compl\u00e8te pour vos locations courte dur\u00e9e.\",\"publisher\":{\"@id\":\"https:\/\/laconciairgerie.ch\/#organization\"},\"potentialAction\":[{\"@type\":\"SearchAction\",\"target\":{\"@type\":\"EntryPoint\",\"urlTemplate\":\"https:\/\/laconciairgerie.ch\/?s={search_term_string}\"},\"query-input\":{\"@type\":\"PropertyValueSpecification\",\"valueRequired\":true,\"valueName\":\"search_term_string\"}}],\"inLanguage\":\"en-GB\"},{\"@type\":\"Organization\",\"@id\":\"https:\/\/laconciairgerie.ch\/#organization\",\"name\":\"La Conciairgerie\",\"url\":\"https:\/\/laconciairgerie.ch\/\",\"logo\":{\"@type\":\"ImageObject\",\"inLanguage\":\"en-GB\",\"@id\":\"https:\/\/laconciairgerie.ch\/#\/schema\/logo\/image\/\",\"url\":\"https:\/\/laconciairgerie.ch\/wp-content\/uploads\/2024\/04\/cropped-LC_CHARTE.png\",\"contentUrl\":\"https:\/\/laconciairgerie.ch\/wp-content\/uploads\/2024\/04\/cropped-LC_CHARTE.png\",\"width\":512,\"height\":512,\"caption\":\"La Conciairgerie\"},\"image\":{\"@id\":\"https:\/\/laconciairgerie.ch\/#\/schema\/logo\/image\/\"}}]}<\/script>\n<!-- \/ Yoast SEO plugin. -->","yoast_head_json":{"title":"La Conciairgerie - Protection des donn\u00e9es","robots":{"index":"index","follow":"follow","max-snippet":"max-snippet:-1","max-image-preview":"max-image-preview:large","max-video-preview":"max-video-preview:-1"},"canonical":"https:\/\/laconciairgerie.ch\/en\/protection-des-donnees\/","og_locale":"en_GB","og_type":"article","og_title":"La Conciairgerie - Protection des donn\u00e9es","og_description":"Protection des donn\u00e9es Mise \u00e0 jour : Mars, 2024 Cookies utilis\u00e9s Titulaire du cookie : GoogleFinalit\u00e9 : Mesure d\u2019audience et de performancePolitique de cookie : Lien vers la politique de cookie","og_url":"https:\/\/laconciairgerie.ch\/en\/protection-des-donnees\/","og_site_name":"La Conciairgerie","article_modified_time":"2024-12-05T09:30:53+00:00","twitter_card":"summary_large_image","twitter_misc":{"Estimated reading time":"1 minute"},"schema":{"@context":"https:\/\/schema.org","@graph":[{"@type":"WebPage","@id":"https:\/\/laconciairgerie.ch\/protection-des-donnees\/","url":"https:\/\/laconciairgerie.ch\/protection-des-donnees\/","name":"La Conciairgerie - Protection des donn\u00e9es","isPartOf":{"@id":"https:\/\/laconciairgerie.ch\/#website"},"datePublished":"2024-10-10T14:33:25+00:00","dateModified":"2024-12-05T09:30:53+00:00","breadcrumb":{"@id":"https:\/\/laconciairgerie.ch\/protection-des-donnees\/#breadcrumb"},"inLanguage":"en-GB","potentialAction":[{"@type":"ReadAction","target":["https:\/\/laconciairgerie.ch\/protection-des-donnees\/"]}]},{"@type":"BreadcrumbList","@id":"https:\/\/laconciairgerie.ch\/protection-des-donnees\/#breadcrumb","itemListElement":[{"@type":"ListItem","position":1,"name":"Accueil","item":"https:\/\/laconciairgerie.ch\/"},{"@type":"ListItem","position":2,"name":"Protection des donn\u00e9es"}]},{"@type":"WebSite","@id":"https:\/\/laconciairgerie.ch\/#website","url":"https:\/\/laconciairgerie.ch\/","name":"La Conciairgerie","description":"Agence de gestion d&#039;appartement et conciergerie de qualit\u00e9. D\u00e9couvrez nos services de gestion compl\u00e8te pour vos locations courte dur\u00e9e.","publisher":{"@id":"https:\/\/laconciairgerie.ch\/#organization"},"potentialAction":[{"@type":"SearchAction","target":{"@type":"EntryPoint","urlTemplate":"https:\/\/laconciairgerie.ch\/?s={search_term_string}"},"query-input":{"@type":"PropertyValueSpecification","valueRequired":true,"valueName":"search_term_string"}}],"inLanguage":"en-GB"},{"@type":"Organization","@id":"https:\/\/laconciairgerie.ch\/#organization","name":"La Conciairgerie","url":"https:\/\/laconciairgerie.ch\/","logo":{"@type":"ImageObject","inLanguage":"en-GB","@id":"https:\/\/laconciairgerie.ch\/#\/schema\/logo\/image\/","url":"https:\/\/laconciairgerie.ch\/wp-content\/uploads\/2024\/04\/cropped-LC_CHARTE.png","contentUrl":"https:\/\/laconciairgerie.ch\/wp-content\/uploads\/2024\/04\/cropped-LC_CHARTE.png","width":512,"height":512,"caption":"La Conciairgerie"},"image":{"@id":"https:\/\/laconciairgerie.ch\/#\/schema\/logo\/image\/"}}]}},"_links":{"self":[{"href":"https:\/\/laconciairgerie.ch\/en\/wp-json\/wp\/v2\/pages\/24016","targetHints":{"allow":["GET"]}}],"collection":[{"href":"https:\/\/laconciairgerie.ch\/en\/wp-json\/wp\/v2\/pages"}],"about":[{"href":"https:\/\/laconciairgerie.ch\/en\/wp-json\/wp\/v2\/types\/page"}],"author":[{"embeddable":true,"href":"https:\/\/laconciairgerie.ch\/en\/wp-json\/wp\/v2\/users\/1"}],"replies":[{"embeddable":true,"href":"https:\/\/laconciairgerie.ch\/en\/wp-json\/wp\/v2\/comments?post=24016"}],"version-history":[{"count":9,"href":"https:\/\/laconciairgerie.ch\/en\/wp-json\/wp\/v2\/pages\/24016\/revisions"}],"predecessor-version":[{"id":24069,"href":"https:\/\/laconciairgerie.ch\/en\/wp-json\/wp\/v2\/pages\/24016\/revisions\/24069"}],"wp:attachment":[{"href":"https:\/\/laconciairgerie.ch\/en\/wp-json\/wp\/v2\/media?parent=24016"}],"curies":[{"name":"wp","href":"https:\/\/api.w.org\/{rel}","templated":true}]}}